{"id":3264,"date":"2022-10-12T22:43:41","date_gmt":"2022-10-12T22:43:41","guid":{"rendered":"https:\/\/uw-ar.com\/tipo-cambio\/"},"modified":"2023-05-31T18:36:52","modified_gmt":"2023-05-31T18:36:52","slug":"taxa-de-cambio","status":"publish","type":"page","link":"https:\/\/uw-ar.com\/pt-br\/taxa-de-cambio\/","title":{"rendered":"Taxa de c\u00e2mbio"},"content":{"rendered":"\n\n  <div class=\"banner has-hover\" id=\"banner-1020529793\">\n          <div class=\"banner-inner fill\">\n        <div class=\"banner-bg fill\" >\n            <div class=\"bg fill bg-fill \"><\/div>\n                        <div class=\"overlay\"><\/div>            \n                    <\/div>\n        <div class=\"banner-layers container\">\n            <div class=\"fill banner-link\"><\/div>            \n\n   <div id=\"text-box-1635526083\" class=\"text-box banner-layer x50 md-x50 lg-x50 y50 md-y50 lg-y50 res-text\">\n                     <div data-animate=\"flipInY\">           <div class=\"text-box-content text dark text-shadow-1\">\n              \n              <div class=\"text-inner text-center\">\n                  \n\n\t<div id=\"text-2141779801\" class=\"text\">\n\t\t\n\n<h1 style=\"font-weight: 600; text-transform: uppercase;\">Taxa de c\u00e2mbio<\/h1>\n<h4 style=\"font-weight: 100;\">Conhe\u00e7a a cita\u00e7\u00e3o<\/h4>\n\t\t\n<style>\n#text-2141779801 {\n  font-size: 1rem;\n  line-height: 1.3;\n  text-align: center;\n}\n@media (min-width:550px) {\n  #text-2141779801 {\n    font-size: 1rem;\n  }\n}\n<\/style>\n\t<\/div>\n\t\n\t<div id=\"gap-1511598330\" class=\"gap-element clearfix\" style=\"display:block; height:auto;\">\n\t\t\n<style>\n#gap-1511598330 {\n  padding-top: 30px;\n}\n<\/style>\n\t<\/div>\n\t\n\n\n              <\/div>\n           <\/div>\n       <\/div>                     \n<style>\n#text-box-1635526083 .text-inner {\n  padding: 10px 10px 10px 10px;\n}\n#text-box-1635526083 {\n  width: 90%;\n}\n#text-box-1635526083 .text-box-content {\n  font-size: 100%;\n}\n@media (min-width:550px) {\n  #text-box-1635526083 {\n    width: 65%;\n  }\n}\n<\/style>\n    <\/div>\n \n\n        <\/div>\n      <\/div>\n\n            \n<style>\n#banner-1020529793 {\n  padding-top: 300px;\n}\n#banner-1020529793 .bg.bg-loaded {\n  background-image: url(https:\/\/uw-ar.com\/wp-content\/uploads\/2022\/10\/dollar.jpg);\n}\n#banner-1020529793 .overlay {\n  background-color: rgba(36, 59, 118, 0.355);\n}\n#banner-1020529793 .bg {\n  background-position: 79% 59%;\n}\n<\/style>\n  <\/div>\n\n\n\t<div id=\"gap-756102376\" class=\"gap-element clearfix\" style=\"display:block; height:auto;\">\n\t\t\n<style>\n#gap-756102376 {\n  padding-top: 30px;\n}\n<\/style>\n\t<\/div>\n\t\n\n<div class=\"container section-title-container\" ><h3 class=\"section-title section-title-center\"><b><\/b><span class=\"section-title-main\" >Cota\u00e7\u00e3o<\/span><b><\/b><\/h3><\/div>\n\n<div class=\"row align-center\"  id=\"row-1680853231\">\n\n\n\t<div id=\"col-719473481\" class=\"col medium-6 small-12 large-6\"  >\n\t\t\t\t<div class=\"col-inner\" style=\"background-color:rgb(228, 228, 228);\" >\n\t\t\t\n\t<div class=\"is-border\"\n\t\tstyle=\"border-color:rgba(18, 149, 210, 0.308);border-radius:6px;border-width:2px 2px 2px 2px;margin:0px 0px 0 0px;\">\n\t<\/div>\n\t\t\t\n\n\t<div id=\"text-257271813\" class=\"text\">\n\t\t\n\n<p style=\"background: #1295D2; color: white; padding: 10px; margin-bottom: 0;\">Taxa de c\u00e2mbio<\/p>\n\t\t\n<style>\n#text-257271813 {\n  font-size: 1.25rem;\n  text-align: center;\n}\n<\/style>\n\t<\/div>\n\t\n\n\t\t<\/div>\n\t\t\t\t\n<style>\n#col-719473481 > .col-inner {\n  padding: 0px 0px 0 0px;\n  margin: 0px 0px 0 0px;\n  border-radius: 3px;\n}\n<\/style>\n\t<\/div>\n\n\t\n\n<\/div>\n<div class=\"row align-center\"  id=\"row-224333259\">\n\n\n\t<div id=\"col-1701204477\" class=\"col medium-6 small-12 large-6\"  >\n\t\t\t\t<div class=\"col-inner\" style=\"background-color:rgb(228, 228, 228);\" >\n\t\t\t\n\t<div class=\"is-border\"\n\t\tstyle=\"border-color:rgba(18, 149, 210, 0.308);border-width:2px 2px 2px 2px;\">\n\t<\/div>\n\t\t\t\n\n\t<div id=\"text-1472525359\" class=\"text\">\n\t\t\n\n<p><strong>USD:<\/strong> $-<br \/><strong>EUR:<\/strong> $-<\/p>\n<p>11\/07\/2023<\/p>\n\t\t\n<style>\n#text-1472525359 {\n  font-size: 1.25rem;\n  text-align: center;\n}\n<\/style>\n\t<\/div>\n\t\n\n\t\t<\/div>\n\t\t\t\t\n<style>\n#col-1701204477 > .col-inner {\n  padding: 20px 0px 0px 0px;\n  border-radius: 3px;\n}\n<\/style>\n\t<\/div>\n\n\t\n\n<\/div>\n\n\t<div id=\"gap-1068106435\" class=\"gap-element clearfix\" style=\"display:block; height:auto;\">\n\t\t\n<style>\n#gap-1068106435 {\n  padding-top: 40px;\n}\n<\/style>\n\t<\/div>\n\t\n\n\n","protected":false},"excerpt":{"rendered":"","protected":false},"author":1,"featured_media":0,"parent":0,"menu_order":0,"comment_status":"closed","ping_status":"closed","template":"page-blank.php","meta":{"footnotes":""},"_links":{"self":[{"href":"https:\/\/uw-ar.com\/pt-br\/wp-json\/wp\/v2\/pages\/3264"}],"collection":[{"href":"https:\/\/uw-ar.com\/pt-br\/wp-json\/wp\/v2\/pages"}],"about":[{"href":"https:\/\/uw-ar.com\/pt-br\/wp-json\/wp\/v2\/types\/page"}],"author":[{"embeddable":true,"href":"https:\/\/uw-ar.com\/pt-br\/wp-json\/wp\/v2\/users\/1"}],"replies":[{"embeddable":true,"href":"https:\/\/uw-ar.com\/pt-br\/wp-json\/wp\/v2\/comments?post=3264"}],"version-history":[{"count":6,"href":"https:\/\/uw-ar.com\/pt-br\/wp-json\/wp\/v2\/pages\/3264\/revisions"}],"predecessor-version":[{"id":3848,"href":"https:\/\/uw-ar.com\/pt-br\/wp-json\/wp\/v2\/pages\/3264\/revisions\/3848"}],"wp:attachment":[{"href":"https:\/\/uw-ar.com\/pt-br\/wp-json\/wp\/v2\/media?parent=3264"}],"curies":[{"name":"wp","href":"https:\/\/api.w.org\/{rel}","templated":true}]}}